{"id":8466,"date":"2022-12-21T16:30:51","date_gmt":"2022-12-21T13:30:51","guid":{"rendered":"https:\/\/dastek.com.tr\/turizm\/"},"modified":"2023-01-13T18:18:02","modified_gmt":"2023-01-13T15:18:02","slug":"tourism","status":"publish","type":"page","link":"https:\/\/dastek.com.tr\/en\/tourism\/","title":{"rendered":"Tourism"},"content":{"rendered":"<section class=\"l-section wpb_row height_custom\"><div class=\"l-section-h i-cf\"><div class=\"g-cols vc_row via_flex valign_top type_default stacking_default\"><div class=\"vc_col-sm-12 wpb_column vc_column_container\"><div class=\"vc_column-inner\"><div class=\"wpb_wrapper\"><div class=\"w-grid type_grid layout_8006 cols_2 ratio_3x2\" id=\"us_grid_1\" data-filterable=\"true\"><style>#us_grid_1 .w-grid-item{padding:1.5rem}#us_grid_1 .w-grid-list{margin:-1.5rem}.w-grid + #us_grid_1 .w-grid-list,.w-grid-none + #us_grid_1 .w-grid-list{margin-top:1.5rem}@media (max-width:599px){#us_grid_1 .w-grid-list{margin:0}#us_grid_1 .w-grid-item{width:100%;padding:0;margin-bottom:1.5rem}}.layout_8006 .w-grid-item-h:before{padding-bottom:66.6667%}@media (min-width:600px){.layout_8006 .w-grid-item.size_1x2 .w-grid-item-h:before{padding-bottom:calc(133.3333% + 1.5rem + 1.5rem)}.layout_8006 .w-grid-item.size_2x1 .w-grid-item-h:before{padding-bottom:calc(33.3333% - 1.5rem * 0.6667)}.layout_8006 .w-grid-item.size_2x2 .w-grid-item-h:before{padding-bottom:calc(66.6667% - 1.5rem * -0.6666)}}.layout_8006 .w-grid-item-h{background:#333}.layout_8006 .usg_post_image_1{transition-duration:0.35s;transform-origin:50% 50%;transform:scale(1) translate(0%,0%)}.layout_8006 .w-grid-item-h:hover .usg_post_image_1{transform:scale(1.1) translate(0%,0%);opacity:0.1}.layout_8006 .usg_post_image_1{position:absolute!important;top:0!important;right:0!important;bottom:0!important;left:0!important}.layout_8006 .usg_vwrapper_1{position:absolute!important;right:0!important;bottom:0!important;left:0!important;background:linear-gradient(transparent,rgba(30,30,30,0.8))!important;padding:4rem 2rem 1.5rem 2rem!important}.layout_8006 .usg_post_title_1{color:#fff!important;font-size:1.2rem!important}<\/style><div class=\"w-grid-list\">\t<article class=\"w-grid-item size_1x1 post-8445 us_portfolio type-us_portfolio status-publish has-post-thumbnail hentry us_portfolio_category-tourism\" data-id=\"8445\">\r\n\t\t<div class=\"w-grid-item-h\">\r\n\t\t\t\t\t\t\t<a class=\"w-grid-item-anchor\" href=\"https:\/\/dastek.com.tr\/en\/projeler\/saltuk-bey-mansion\/\" rel=\"bookmark\" aria-label=\"Saltuk Bey Mansion\"><\/a>\r\n\t\t\t\t\t\t<div class=\"w-post-elm post_image usg_post_image_1 stretched\"><img loading=\"lazy\" decoding=\"async\" width=\"1024\" height=\"683\" src=\"https:\/\/dastek.com.tr\/wp-content\/uploads\/2022\/12\/saltukbey-konagi-01-1024x683.jpg\" class=\"attachment-large size-large wp-post-image\" alt=\"\" srcset=\"https:\/\/dastek.com.tr\/wp-content\/uploads\/2022\/12\/saltukbey-konagi-01-1024x683.jpg 1024w, https:\/\/dastek.com.tr\/wp-content\/uploads\/2022\/12\/saltukbey-konagi-01-300x200.jpg 300w, https:\/\/dastek.com.tr\/wp-content\/uploads\/2022\/12\/saltukbey-konagi-01.jpg 1200w\" sizes=\"auto, (max-width: 1024px) 100vw, 1024px\" \/><\/div><div class=\"w-vwrapper usg_vwrapper_1 align_none valign_top\"><h2 class=\"w-post-elm post_title usg_post_title_1 has_text_color entry-title color_link_inherit\">Saltuk Bey Mansion<\/h2><\/div>\t\t<\/div>\r\n\t<\/article>\r\n<\/div><div class=\"w-grid-preloader\"><div class=\"g-preloader type_1\">\r\n\t<div><\/div>\r\n<\/div>\r\n<\/div>\t<div class=\"w-grid-json hidden\" onclick='return {&quot;action&quot;:&quot;us_ajax_grid&quot;,&quot;ajax_url&quot;:&quot;https:\\\/\\\/dastek.com.tr\\\/wp-admin\\\/admin-ajax.php&quot;,&quot;infinite_scroll&quot;:0,&quot;max_num_pages&quot;:1,&quot;pagination&quot;:&quot;none&quot;,&quot;permalink_url&quot;:&quot;https:\\\/\\\/dastek.com.tr\\\/en\\\/wp-json\\\/wp\\\/v2\\\/pages\\\/8466\\\/&quot;,&quot;template_vars&quot;:{&quot;columns&quot;:&quot;2&quot;,&quot;exclude_items&quot;:&quot;none&quot;,&quot;img_size&quot;:&quot;default&quot;,&quot;ignore_items_size&quot;:0,&quot;items_layout&quot;:&quot;8006&quot;,&quot;items_offset&quot;:&quot;1&quot;,&quot;load_animation&quot;:&quot;none&quot;,&quot;overriding_link&quot;:&quot;post&quot;,&quot;post_id&quot;:8466,&quot;query_args&quot;:{&quot;post_type&quot;:[&quot;us_portfolio&quot;],&quot;tax_query&quot;:[{&quot;taxonomy&quot;:&quot;us_portfolio_category&quot;,&quot;field&quot;:&quot;slug&quot;,&quot;terms&quot;:[&quot;turizm&quot;]}],&quot;post_status&quot;:[&quot;publish&quot;,&quot;acf-disabled&quot;],&quot;posts_per_page&quot;:999},&quot;orderby_query_args&quot;:{&quot;orderby&quot;:{&quot;date&quot;:&quot;DESC&quot;}},&quot;type&quot;:&quot;grid&quot;,&quot;us_grid_ajax_index&quot;:1,&quot;us_grid_filter_params&quot;:null,&quot;us_grid_index&quot;:1,&quot;_us_grid_post_type&quot;:&quot;us_portfolio&quot;,&quot;lang&quot;:&quot;en&quot;}}'><\/div>\r\n\t<\/div><\/div><\/div><\/div><\/div><\/div><\/section>\n","protected":false},"excerpt":{"rendered":"Saltuk Bey Mansion Location : Adana \/ Yumurtal\u0131k Land Owner : Vak\u0131flar Genel M\u00fcd\u00fcrl\u00fc\u011f\u00fc Building Type : Historical Stone Building Project Gallery","protected":false},"author":1,"featured_media":8323,"parent":0,"menu_order":0,"comment_status":"closed","ping_status":"closed","template":"","meta":{"footnotes":""},"class_list":["post-8466","page","type-page","status-publish","has-post-thumbnail","hentry"],"acf":[],"_links":{"self":[{"href":"https:\/\/dastek.com.tr\/en\/wp-json\/wp\/v2\/pages\/8466","targetHints":{"allow":["GET"]}}],"collection":[{"href":"https:\/\/dastek.com.tr\/en\/wp-json\/wp\/v2\/pages"}],"about":[{"href":"https:\/\/dastek.com.tr\/en\/wp-json\/wp\/v2\/types\/page"}],"author":[{"embeddable":true,"href":"https:\/\/dastek.com.tr\/en\/wp-json\/wp\/v2\/users\/1"}],"replies":[{"embeddable":true,"href":"https:\/\/dastek.com.tr\/en\/wp-json\/wp\/v2\/comments?post=8466"}],"version-history":[{"count":1,"href":"https:\/\/dastek.com.tr\/en\/wp-json\/wp\/v2\/pages\/8466\/revisions"}],"predecessor-version":[{"id":8471,"href":"https:\/\/dastek.com.tr\/en\/wp-json\/wp\/v2\/pages\/8466\/revisions\/8471"}],"wp:featuredmedia":[{"embeddable":true,"href":"https:\/\/dastek.com.tr\/en\/wp-json\/wp\/v2\/media\/8323"}],"wp:attachment":[{"href":"https:\/\/dastek.com.tr\/en\/wp-json\/wp\/v2\/media?parent=8466"}],"curies":[{"name":"wp","href":"https:\/\/api.w.org\/{rel}","templated":true}]}}